{"id":43,"date":"2020-04-12T23:31:21","date_gmt":"2020-04-12T20:31:21","guid":{"rendered":"https:\/\/www.hayatimoptimizasyon.com\/?page_id=43"},"modified":"2021-03-18T21:02:55","modified_gmt":"2021-03-18T18:02:55","slug":"who-am-i","status":"publish","type":"page","link":"https:\/\/www.hayatimoptimizasyon.com\/index.php\/who-am-i\/","title":{"rendered":"Who am I ?"},"content":{"rendered":"\n<figure class=\"wp-block-image size-large\"><img loading=\"lazy\" decoding=\"async\" width=\"969\" height=\"645\" src=\"https:\/\/www.hayatimoptimizasyon.com\/wp-content\/uploads\/2020\/04\/Ekran-Al\u0131nt\u0131s\u0131.png\" alt=\"Alice in Wonderland: &quot;What will become of me?&quot;\" class=\"wp-image-57\" srcset=\"https:\/\/www.hayatimoptimizasyon.com\/wp-content\/uploads\/2020\/04\/Ekran-Al\u0131nt\u0131s\u0131.png 969w, https:\/\/www.hayatimoptimizasyon.com\/wp-content\/uploads\/2020\/04\/Ekran-Al\u0131nt\u0131s\u0131-300x200.png 300w, https:\/\/www.hayatimoptimizasyon.com\/wp-content\/uploads\/2020\/04\/Ekran-Al\u0131nt\u0131s\u0131-768x511.png 768w\" sizes=\"auto, (max-width: 709px) 85vw, (max-width: 909px) 67vw, (max-width: 1362px) 62vw, 840px\" \/><figcaption>&#8220;What will become of me?&#8221; said Alice in Wonderland.<\/figcaption><\/figure>\n\n\n\n<p>Hello, my name is G\u00f6zde. I graduated from \u0130stanbul University Industrial Engineering Department and \u0130stanbul University Faculty of Business Administrations Double Major Program. From 2008 to 2014, I had been participated to business life as an intern in different industrial sectors and departments. Since 2014, I have been working as a full-time employee.<\/p>\n\n\n\n<p>I could introduce myself as a human being who had interested in \u201coperational research\u201d while sitting on the benchs of university and maximizing or minimizing the \u201cObjective Function\u201d, had questioned her self objectives and thought found some, sees \u201csincerity\u201d and \u201cintegrity\u201d as her most important personal values; keens on every music played on piano and is novice of piano-playing; still endeavors to be a real industrial engineer.<\/p>\n\n\n\n<p><\/p>\n\n\n\n<blockquote class=\"wp-block-quote is-layout-flow wp-block-quote-is-layout-flow\"><p>&#8220;Don&#8217;t ask me about me, I am not with me<\/p><p>There is a me deeper than me.&#8221;<\/p><cite>Yunus Emre<\/cite><\/blockquote>\n\n\n\n<p><\/p>\n","protected":false},"excerpt":{"rendered":"<p>Hello, my name is G\u00f6zde. I graduated from \u0130stanbul University Industrial Engineering Department and \u0130stanbul University Faculty of Business Administrations Double Major Program. From 2008 to 2014, I had been participated to business life as an intern in different industrial sectors and departments. Since 2014, I have been working as a full-time employee. I could &hellip; <a href=\"https:\/\/www.hayatimoptimizasyon.com\/index.php\/who-am-i\/\" class=\"more-link\">Okumaya devam et<span class=\"screen-reader-text\"> &#8220;Who am I ?&#8221;<\/span><\/a><\/p>\n","protected":false},"author":2,"featured_media":0,"parent":0,"menu_order":0,"comment_status":"open","ping_status":"closed","template":"","meta":{"footnotes":""},"class_list":["post-43","page","type-page","status-publish","hentry"],"_links":{"self":[{"href":"https:\/\/www.hayatimoptimizasyon.com\/index.php\/wp-json\/wp\/v2\/pages\/43","targetHints":{"allow":["GET"]}}],"collection":[{"href":"https:\/\/www.hayatimoptimizasyon.com\/index.php\/wp-json\/wp\/v2\/pages"}],"about":[{"href":"https:\/\/www.hayatimoptimizasyon.com\/index.php\/wp-json\/wp\/v2\/types\/page"}],"author":[{"embeddable":true,"href":"https:\/\/www.hayatimoptimizasyon.com\/index.php\/wp-json\/wp\/v2\/users\/2"}],"replies":[{"embeddable":true,"href":"https:\/\/www.hayatimoptimizasyon.com\/index.php\/wp-json\/wp\/v2\/comments?post=43"}],"version-history":[{"count":9,"href":"https:\/\/www.hayatimoptimizasyon.com\/index.php\/wp-json\/wp\/v2\/pages\/43\/revisions"}],"predecessor-version":[{"id":177,"href":"https:\/\/www.hayatimoptimizasyon.com\/index.php\/wp-json\/wp\/v2\/pages\/43\/revisions\/177"}],"wp:attachment":[{"href":"https:\/\/www.hayatimoptimizasyon.com\/index.php\/wp-json\/wp\/v2\/media?parent=43"}],"curies":[{"name":"wp","href":"https:\/\/api.w.org\/{rel}","templated":true}]}}