{"id":19,"date":"2020-04-12T18:56:33","date_gmt":"2020-04-12T15:56:33","guid":{"rendered":"https:\/\/www.hayatimoptimizasyon.com\/?page_id=19"},"modified":"2021-03-18T20:59:26","modified_gmt":"2021-03-18T17:59:26","slug":"ben-kimim","status":"publish","type":"page","link":"https:\/\/www.hayatimoptimizasyon.com\/index.php\/ben-kimim\/","title":{"rendered":"Ben Kimim?"},"content":{"rendered":"\n<p>Merhaba ben G\u00f6zde. \u0130stanbul \u00dcniversitesi End\u00fcstri M\u00fchendisli\u011fi B\u00f6l\u00fcm\u00fc ve \u0130stanbul \u00dcniversitesi \u0130\u015fletme Fak\u00fcltesi mezunuyum. 2008-2014 y\u0131llar\u0131 aras\u0131nda \u00e7e\u015fitli kurumlarda ve farkl\u0131 departmanlarda staj yapmakla birlikte, 2014 y\u0131l\u0131ndan bu yana aktif olarak i\u015f hayat\u0131nda tam zamanl\u0131 olarak \u00e7al\u0131\u015fmaktay\u0131m. <\/p>\n\n\n\n<p>&#8220;M\u00fchendislik lisans\u0131 s\u0131ras\u0131nda y\u00f6neylem ara\u015ft\u0131rmas\u0131na ilgi duymu\u015f, ve bu derste &#8220;Ama\u00e7&#8221; fonksiyonunu maksimize yada minimize ederken, felsefi a\u00e7\u0131dan insan\u0131n ya\u015fam amac\u0131n\u0131 da sorgulam\u0131\u015f, kendince farkl\u0131 ama\u00e7lar bulabildi\u011fini sanan, verimlili\u011fi ya\u015fam\u0131n\u0131n her y\u00f6n\u00fcnde uygulamaya \u00e7al\u0131\u015fan, &#8220;samimiyet&#8221;i en \u00f6nemli ki\u015fisel de\u011feri olarak g\u00f6ren, piyanoda \u00e7al\u0131nm\u0131\u015f her m\u00fczi\u011fin merakl\u0131s\u0131 ve acemisi, hatalar\u0131 ve kusurlar\u0131yla ger\u00e7ek bir end\u00fcstri m\u00fchendisi olmaya hala \u00e7abalayan bir insan&#8221; olarak kendimi tan\u0131mlayabilirim.<\/p>\n\n\n\n<p><\/p>\n\n\n\n<blockquote class=\"wp-block-quote is-style-default is-layout-flow wp-block-quote-is-layout-flow\"><p>&#8220;Beni benden sorma, ben de\u011filim,<\/p><p>Bir ben vard\u0131r benden i\u00e7eri.&#8221;<\/p><cite>Yunus Emre<\/cite><\/blockquote>\n","protected":false},"excerpt":{"rendered":"<p>Merhaba ben G\u00f6zde. \u0130stanbul \u00dcniversitesi End\u00fcstri M\u00fchendisli\u011fi B\u00f6l\u00fcm\u00fc ve \u0130stanbul \u00dcniversitesi \u0130\u015fletme Fak\u00fcltesi mezunuyum. 2008-2014 y\u0131llar\u0131 aras\u0131nda \u00e7e\u015fitli kurumlarda ve farkl\u0131 departmanlarda staj yapmakla birlikte, 2014 y\u0131l\u0131ndan bu yana aktif olarak i\u015f hayat\u0131nda tam zamanl\u0131 olarak \u00e7al\u0131\u015fmaktay\u0131m. &#8220;M\u00fchendislik lisans\u0131 s\u0131ras\u0131nda y\u00f6neylem ara\u015ft\u0131rmas\u0131na ilgi duymu\u015f, ve bu derste &#8220;Ama\u00e7&#8221; fonksiyonunu maksimize yada minimize ederken, felsefi a\u00e7\u0131dan &hellip; <a href=\"https:\/\/www.hayatimoptimizasyon.com\/index.php\/ben-kimim\/\" class=\"more-link\">Okumaya devam et<span class=\"screen-reader-text\"> &#8220;Ben Kimim?&#8221;<\/span><\/a><\/p>\n","protected":false},"author":2,"featured_media":0,"parent":0,"menu_order":0,"comment_status":"closed","ping_status":"closed","template":"","meta":{"footnotes":""},"class_list":["post-19","page","type-page","status-publish","hentry"],"_links":{"self":[{"href":"https:\/\/www.hayatimoptimizasyon.com\/index.php\/wp-json\/wp\/v2\/pages\/19","targetHints":{"allow":["GET"]}}],"collection":[{"href":"https:\/\/www.hayatimoptimizasyon.com\/index.php\/wp-json\/wp\/v2\/pages"}],"about":[{"href":"https:\/\/www.hayatimoptimizasyon.com\/index.php\/wp-json\/wp\/v2\/types\/page"}],"author":[{"embeddable":true,"href":"https:\/\/www.hayatimoptimizasyon.com\/index.php\/wp-json\/wp\/v2\/users\/2"}],"replies":[{"embeddable":true,"href":"https:\/\/www.hayatimoptimizasyon.com\/index.php\/wp-json\/wp\/v2\/comments?post=19"}],"version-history":[{"count":5,"href":"https:\/\/www.hayatimoptimizasyon.com\/index.php\/wp-json\/wp\/v2\/pages\/19\/revisions"}],"predecessor-version":[{"id":175,"href":"https:\/\/www.hayatimoptimizasyon.com\/index.php\/wp-json\/wp\/v2\/pages\/19\/revisions\/175"}],"wp:attachment":[{"href":"https:\/\/www.hayatimoptimizasyon.com\/index.php\/wp-json\/wp\/v2\/media?parent=19"}],"curies":[{"name":"wp","href":"https:\/\/api.w.org\/{rel}","templated":true}]}}