{"id":116,"date":"2020-04-11T17:34:01","date_gmt":"2020-04-11T14:34:01","guid":{"rendered":"https:\/\/www.hayatimoptimizasyon.com\/?page_id=116"},"modified":"2024-09-13T21:40:00","modified_gmt":"2024-09-13T18:40:00","slug":"merhaba-dunya","status":"publish","type":"page","link":"https:\/\/www.hayatimoptimizasyon.com\/","title":{"rendered":"Merhaba D\u00fcnya!"},"content":{"rendered":"\n<p>Merhaba D\u00fcnya! <\/p>\n\n\n\n<p>Bu site, bir end\u00fcstri m\u00fchendisinin hayata bak\u0131\u015f a\u00e7\u0131s\u0131n\u0131, m\u00fchendislik ara\u00e7lar\u0131n\u0131 kullanarak hayat\u0131n karma\u015f\u0131k problemlerine optimum (en uygun) \u00e7\u00f6z\u00fcmler sunabilmek, hayata uyarlanabilir model ve \u00e7\u00f6z\u00fcm y\u00f6ntemlerini tan\u0131tmak ve nihayetinde teoriyi prati\u011fe d\u00f6n\u00fc\u015ft\u00fcrebilmek isteyen, -buna cesaret eden- herkese a\u00e7\u0131kt\u0131r. <\/p>\n\n\n\n<p>\u0130ster bir \u00f6\u011frenci olun, isterseniz \u00e7al\u0131\u015fan, isterseniz bir ev han\u0131m\u0131&#8230; Ald\u0131\u011f\u0131n\u0131z b\u00fcy\u00fck yada k\u00fc\u00e7\u00fck pek \u00e7ok kararda, k\u0131saca hayat yolunda end\u00fcstri m\u00fchendisli\u011fini ya\u015fam felsefesi olarak bilin\u00e7li yada bilin\u00e7siz se\u00e7mi\u015f olabilirsiniz.  Ya\u015fam gayesi &#8220;insan&#8221; olabilmek yada en az\u0131ndan &#8220;insan kalabilmek&#8221; olanlardansan\u0131z, elbette ki her\u015feyin form\u00fcllerle a\u00e7\u0131klanamayaca\u011f\u0131n\u0131 d\u00fc\u015f\u00fcn\u00fcyor olabilirsiniz. Hakl\u0131 olabilirsiniz ancak, sadece form\u00fcller de\u011fil, sezgileri de hesaba katan bir bilimi ara\u00e7lar\u0131 aras\u0131na alan bir d\u00fc\u015f\u00fcnce sisteminden bahsetmekteyim: &#8220;Y\u00f6neylem Ara\u015ft\u0131rmas\u0131&#8221;.<\/p>\n\n\n\n<p>Bu site fikri ilkin 2020 Nisan ay\u0131nda, yani me\u015fhur &#8220;corona pandemisi&#8221; zaman\u0131nda gelmi\u015fti. Neticede, \u00fcniversite y\u0131llar\u0131mda, End\u00fcstri M\u00fchendisli\u011fi b\u00f6l\u00fcm\u00fcnde okurken, ya\u015fam amac\u0131m\u0131 olduk\u00e7a sorgulad\u0131\u011f\u0131m ki\u015fisel olarak zorlu y\u0131llardan da ge\u00e7mekteydim san\u0131r\u0131m (Ancak daha sonralar\u0131 &#8220;zorlu y\u0131llarm\u0131\u015f&#8221; diyebilmeye ba\u015flam\u0131\u015ft\u0131m). Tabi bu ya\u015fam amac\u0131m ile ilgili sorgulamalar\u0131m, t\u00fcm toplum haf\u0131zas\u0131n\u0131 ve bilincini de etkileyen korona pandemisi ile de \u00fcst d\u00fczeylere \u00e7\u0131kt\u0131 ve bir blog fikri ile ta\u00e7land\u0131.=)<\/p>\n\n\n\n<p>Bilenler bilir, End\u00fcstri M\u00fchendisli\u011fi okuyanlar muhakkak &#8220;Y\u00f6neylem Ara\u015ft\u0131rmas\u0131&#8221; dersi alm\u0131\u015ft\u0131r. Y\u00f6neylem Ara\u015ft\u0131rmas\u0131 problemlerinde bir &#8220;ama\u00e7 fonksiyonu&#8221; vard\u0131r, &#8220;k\u0131s\u0131tlar k\u00fcmesi&#8221; vard\u0131r. Bir de &#8220;optimum \u00e7\u00f6z\u00fcm(ler) alan\u0131\/noktas\u0131&#8221; vard\u0131r. Ben i\u015fte t\u00fcm bunlar\u0131 o zamanlar ya\u015fam\u0131n kendisine benzetmi\u015ftim. Herkesin bir amac\u0131 vard\u0131, ya\u015fam\u0131n bir amac\u0131 vard\u0131, k\u0131s\u0131tl\u0131 kaynaklar vard\u0131 (para, zaman, kalite k\u0131s\u0131tlar\u0131 gibi.). Amac\u0131 tan\u0131mlamak \u00e7ok \u00f6nemliydi. Bir\u015feyi &#8220;maksimize&#8221; mi etmek istiyorsun, yoksa &#8220;minimize&#8221; mi etmek istiyorsun? Ya\u015famda yada bir problemde tek bir ama\u00e7 m\u0131 vard\u0131, birden fazla ama\u00e7 olamaz m\u0131yd\u0131? <\/p>\n\n\n\n<p>&#8220;Babam pasta yapmay\u0131 nereden \u00f6\u011fenmi\u015fti?&#8221;(!) tad\u0131nda sorular ve merak\u0131m beni bu alana heyecan duymak ile birlikte, ilgi alan\u0131m\u0131n bu oldu\u011funu farkettirdi: Bizler nas\u0131l karar veriyoruz? En uygun \u00e7\u00f6z\u00fcm ne olmal\u0131d\u0131r? Ancak tecr\u00fcbem ve bu alanda \u00e7ok fazla uzmanl\u0131\u011f\u0131m olmad\u0131\u011f\u0131ndan, bu alanda master yapma hayali de do\u011furdu. \u0130\u015fte bu websitesi de, master hayalim ile e\u015fzamanl\u0131 olarak, nedir bu &#8220;Y\u00f6neylem Ara\u015ft\u0131rmas\u0131?&#8221; diye soran, sorabilecek olanlara ben hat\u0131rlay\u0131p \u00f6\u011frendik\u00e7e, ve payla\u015f\u0131p \u00f6\u011freterek kendim i\u00e7in peki\u015ftirdik\u00e7e topluma de\u011fer katmas\u0131n\u0131 istedi\u011fim bir sitedir.<\/p>\n\n\n\n<p>Peki ben kim miyim?<\/p>\n\n\n\n<figure class=\"wp-block-pullquote\"><blockquote><p>&#8220;Beni benden sorma, ben de\u011filim,<br>Bir ben vard\u0131r benden i\u00e7eri.&#8221;<\/p><cite>Yunus Emre<\/cite><\/blockquote><\/figure>\n\n\n\n<p>Keyifli okumalar!:)<\/p>\n","protected":false},"excerpt":{"rendered":"<p>Merhaba D\u00fcnya! Bu site, bir end\u00fcstri m\u00fchendisinin hayata bak\u0131\u015f a\u00e7\u0131s\u0131n\u0131, m\u00fchendislik ara\u00e7lar\u0131n\u0131 kullanarak hayat\u0131n karma\u015f\u0131k problemlerine optimum (en uygun) \u00e7\u00f6z\u00fcmler sunabilmek, hayata uyarlanabilir model ve \u00e7\u00f6z\u00fcm y\u00f6ntemlerini tan\u0131tmak ve nihayetinde teoriyi prati\u011fe d\u00f6n\u00fc\u015ft\u00fcrebilmek isteyen, -buna cesaret eden- herkese a\u00e7\u0131kt\u0131r. \u0130ster bir \u00f6\u011frenci olun, isterseniz \u00e7al\u0131\u015fan, isterseniz bir ev han\u0131m\u0131&#8230; Ald\u0131\u011f\u0131n\u0131z b\u00fcy\u00fck yada k\u00fc\u00e7\u00fck pek \u00e7ok &hellip; <a href=\"https:\/\/www.hayatimoptimizasyon.com\/\" class=\"more-link\">Okumaya devam et<span class=\"screen-reader-text\"> &#8220;Merhaba D\u00fcnya!&#8221;<\/span><\/a><\/p>\n","protected":false},"author":2,"featured_media":0,"parent":0,"menu_order":0,"comment_status":"closed","ping_status":"closed","template":"","meta":{"footnotes":""},"class_list":["post-116","page","type-page","status-publish","hentry"],"_links":{"self":[{"href":"https:\/\/www.hayatimoptimizasyon.com\/index.php\/wp-json\/wp\/v2\/pages\/116","targetHints":{"allow":["GET"]}}],"collection":[{"href":"https:\/\/www.hayatimoptimizasyon.com\/index.php\/wp-json\/wp\/v2\/pages"}],"about":[{"href":"https:\/\/www.hayatimoptimizasyon.com\/index.php\/wp-json\/wp\/v2\/types\/page"}],"author":[{"embeddable":true,"href":"https:\/\/www.hayatimoptimizasyon.com\/index.php\/wp-json\/wp\/v2\/users\/2"}],"replies":[{"embeddable":true,"href":"https:\/\/www.hayatimoptimizasyon.com\/index.php\/wp-json\/wp\/v2\/comments?post=116"}],"version-history":[{"count":6,"href":"https:\/\/www.hayatimoptimizasyon.com\/index.php\/wp-json\/wp\/v2\/pages\/116\/revisions"}],"predecessor-version":[{"id":203,"href":"https:\/\/www.hayatimoptimizasyon.com\/index.php\/wp-json\/wp\/v2\/pages\/116\/revisions\/203"}],"wp:attachment":[{"href":"https:\/\/www.hayatimoptimizasyon.com\/index.php\/wp-json\/wp\/v2\/media?parent=116"}],"curies":[{"name":"wp","href":"https:\/\/api.w.org\/{rel}","templated":true}]}}